{"id":10,"date":"2015-03-12T20:37:45","date_gmt":"2015-03-12T19:37:45","guid":{"rendered":"http:\/\/www.solda.de\/wordpress\/?page_id=10"},"modified":"2020-12-27T23:29:38","modified_gmt":"2020-12-27T22:29:38","slug":"merkmale","status":"publish","type":"page","link":"https:\/\/www.p2chanter.com\/de\/merkmale\/","title":{"rendered":"Merkmale"},"content":{"rendered":"<p><br \/>\n<a href=\"https:\/\/www.p2chanter.com\/wp-content\/uploads\/2015\/05\/p2chanter-Lanyard.jpg\" data-rel=\"lightbox-image-0\" data-imagelightbox=\"0\" data-rl_title=\"\" data-rl_caption=\"\" title=\"\"><img loading=\"lazy\" decoding=\"async\" class=\" wp-image-353  alignright\" src=\"https:\/\/www.p2chanter.com\/wp-content\/uploads\/2015\/05\/p2chanter-Lanyard_300x200.jpg\" alt=\"p\u00b2chanter mit Umh\u00e4ngeband\" width=\"200\" height=\"300\" \/><\/a><\/p>\n<ul>\n<li>Lochabstand entspricht dem eines herk\u00f6mmlichen Bagpipe Chanters<\/li>\n<li>Realistisches Spielgef\u00fchl durch spezielle Fingermulden in den Kontakten<\/li>\n<li>Kontinuierliche \u00dcberwachung der Hautleitf\u00e4higkeit durch die Kontaktelektronik (selbstkalibrierend)<\/li>\n<li>Zusammenspiel in Gruppen durch eingebaute Lautsprecher m\u00f6glich<\/li>\n<li>Kopfh\u00f6reranschluss (Lautsprecher werden automatisch abgeschaltet)<\/li>\n<li>Emulation verschiedener Instrumente teilw. mit zuschaltbaren Bordun-Kl\u00e4ngen<\/li>\n<li>Integriertes Metronom (nutzbar im Wechsel mit Bordun-Kl\u00e4ngen)<\/li>\n<li>Erh\u00f6hter Tragekomfort durch ein passgenaues Umh\u00e4ngeband<\/li>\n<li>Anschlussm\u00f6glichkeit f\u00fcr Erweiterungsmodule (z. B. Drucksensor)<\/li>\n<li>Druckgesteuertes Spielen im eigenen Dudelsack mit Drucksensor-Modul m\u00f6glich<\/li>\n<li>Nutzung des integrierten USB-Anschlusses als Midi-Ausgang zum PC<\/li>\n<li>Aktualisierung der Firmware durch den Benutzer m\u00f6glich (Einsenden des p\u00b2chanters an den Hersteller entf\u00e4llt)<\/li>\n<\/ul>\n<p>\u00a0<\/p>","protected":false},"excerpt":{"rendered":"<p>Lochabstand entspricht dem eines herk\u00f6mmlichen Bagpipe Chanters Realistisches Spielgef\u00fchl durch spezielle Fingermulden in den Kontakten Kontinuierliche \u00dcberwachung der Hautleitf\u00e4higkeit durch die Kontaktelektronik (selbstkalibrierend) Zusammenspiel in Gruppen durch eingebaute Lautsprecher m\u00f6glich Kopfh\u00f6reranschluss (Lautsprecher werden automatisch abgeschaltet) Emulation verschiedener Instrumente teilw. mit zuschaltbaren Bordun-Kl\u00e4ngen Integriertes Metronom (nutzbar im Wechsel mit Bordun-Kl\u00e4ngen) Erh\u00f6hter Tragekomfort durch ein passgenaues Umh\u00e4ngeband [&hellip;]<\/p>\n","protected":false},"author":1,"featured_media":0,"parent":0,"menu_order":0,"comment_status":"closed","ping_status":"closed","template":"","meta":{"footnotes":""},"class_list":["post-10","page","type-page","status-publish","hentry"],"_links":{"self":[{"href":"https:\/\/www.p2chanter.com\/de\/wp-json\/wp\/v2\/pages\/10","targetHints":{"allow":["GET"]}}],"collection":[{"href":"https:\/\/www.p2chanter.com\/de\/wp-json\/wp\/v2\/pages"}],"about":[{"href":"https:\/\/www.p2chanter.com\/de\/wp-json\/wp\/v2\/types\/page"}],"author":[{"embeddable":true,"href":"https:\/\/www.p2chanter.com\/de\/wp-json\/wp\/v2\/users\/1"}],"replies":[{"embeddable":true,"href":"https:\/\/www.p2chanter.com\/de\/wp-json\/wp\/v2\/comments?post=10"}],"version-history":[{"count":39,"href":"https:\/\/www.p2chanter.com\/de\/wp-json\/wp\/v2\/pages\/10\/revisions"}],"predecessor-version":[{"id":2518,"href":"https:\/\/www.p2chanter.com\/de\/wp-json\/wp\/v2\/pages\/10\/revisions\/2518"}],"wp:attachment":[{"href":"https:\/\/www.p2chanter.com\/de\/wp-json\/wp\/v2\/media?parent=10"}],"curies":[{"name":"wp","href":"https:\/\/api.w.org\/{rel}","templated":true}]}}