{"id":172,"date":"2015-03-18T20:56:35","date_gmt":"2015-03-18T19:56:35","guid":{"rendered":"http:\/\/www.solda.de\/wordpress\/?page_id=172"},"modified":"2018-05-21T01:27:02","modified_gmt":"2018-05-20T23:27:02","slug":"practice-chanter-mode","status":"publish","type":"page","link":"https:\/\/www.p2chanter.com\/de\/practice-chanter-mode\/","title":{"rendered":"Practice Chanter Modus"},"content":{"rendered":"<p><br \/>\n<a href=\"https:\/\/www.p2chanter.com\/wp-content\/uploads\/2015\/05\/PC_Vergleich.jpg\" data-rel=\"lightbox-image-0\" data-imagelightbox=\"0\" data-rl_title=\"\" data-rl_caption=\"\" title=\"\"><img loading=\"lazy\" decoding=\"async\" class=\" size-medium wp-image-155 alignright\" src=\"https:\/\/www.p2chanter.com\/wp-content\/uploads\/2015\/05\/PC_Vergleich_300x200.jpg\" alt=\"p\u00b2chanter - Elektronischer Practice Chanter\" width=\"300\" height=\"200\" \/><\/a><br \/>\nIm Practice Chanter Modus wird der p\u00b2chanter wie ein herk\u00f6mmlicher Practice Chanter genutzt. Die Bordun-Pfeifen und die Spielpfeife werden \u00fcber ber\u00fchrungsempfindliche Kontakte an der R\u00fcckseite des Chanters gestartet oder gestoppt. Die Tonausgabe erfolgt wahlweise \u00fcber Kopfh\u00f6rer oder integrierte Lautsprecher. Die Lautst\u00e4rke der Bordun-Pfeifen und der Spielfl\u00f6te k\u00f6nnen individuell angepasst werden. Eine Metronom-Funktion stellt bei Bedarf ein einstellbares Taktsignal (Klick) zur Verf\u00fcgung.<\/p>\n<p>Der Practice Chanter Modus dient vor allem der Verbesserung der Fingerfertigkeit und dem Erlernen neuer Musikst\u00fccke. Die eingebauten Lautsprecher bieten die M\u00f6glichkeit, gemeinsam mit anderen Spielern zu \u00fcben.<\/p>\n<p><\/p>","protected":false},"excerpt":{"rendered":"<p>Im Practice Chanter Modus wird der p\u00b2chanter wie ein herk\u00f6mmlicher Practice Chanter genutzt. Die Bordun-Pfeifen und die Spielpfeife werden \u00fcber ber\u00fchrungsempfindliche Kontakte an der R\u00fcckseite des Chanters gestartet oder gestoppt. Die Tonausgabe erfolgt wahlweise \u00fcber Kopfh\u00f6rer oder integrierte Lautsprecher. Die Lautst\u00e4rke der Bordun-Pfeifen und der Spielfl\u00f6te k\u00f6nnen individuell angepasst werden. Eine Metronom-Funktion stellt bei Bedarf [&hellip;]<\/p>\n","protected":false},"author":1,"featured_media":0,"parent":0,"menu_order":0,"comment_status":"closed","ping_status":"closed","template":"","meta":{"footnotes":""},"class_list":["post-172","page","type-page","status-publish","hentry"],"_links":{"self":[{"href":"https:\/\/www.p2chanter.com\/de\/wp-json\/wp\/v2\/pages\/172","targetHints":{"allow":["GET"]}}],"collection":[{"href":"https:\/\/www.p2chanter.com\/de\/wp-json\/wp\/v2\/pages"}],"about":[{"href":"https:\/\/www.p2chanter.com\/de\/wp-json\/wp\/v2\/types\/page"}],"author":[{"embeddable":true,"href":"https:\/\/www.p2chanter.com\/de\/wp-json\/wp\/v2\/users\/1"}],"replies":[{"embeddable":true,"href":"https:\/\/www.p2chanter.com\/de\/wp-json\/wp\/v2\/comments?post=172"}],"version-history":[{"count":33,"href":"https:\/\/www.p2chanter.com\/de\/wp-json\/wp\/v2\/pages\/172\/revisions"}],"predecessor-version":[{"id":1228,"href":"https:\/\/www.p2chanter.com\/de\/wp-json\/wp\/v2\/pages\/172\/revisions\/1228"}],"wp:attachment":[{"href":"https:\/\/www.p2chanter.com\/de\/wp-json\/wp\/v2\/media?parent=172"}],"curies":[{"name":"wp","href":"https:\/\/api.w.org\/{rel}","templated":true}]}}