{"id":4,"date":"2015-03-12T21:57:16","date_gmt":"2015-03-12T20:57:16","guid":{"rendered":"http:\/\/www.solda.de\/wordpress\/?page_id=4"},"modified":"2021-08-25T12:02:34","modified_gmt":"2021-08-25T10:02:34","slug":"impressum","status":"publish","type":"page","link":"https:\/\/www.p2chanter.com\/de\/impressum\/","title":{"rendered":"Impressum"},"content":{"rendered":"<p>&nbsp;<\/p>\n<div class=\"Inhalt\">\n<h3><b>Angaben gem\u00e4\u00df \u00a7 5 Telemediengesetz:<\/b><\/h3>\n<p>Erik Solda<br \/>\nPaul-Langen-Str. 40<br \/>\n53229 Bonn<\/p>\n<p>Telefon: +49 (0)228 94852-75<br \/>\nFax: +49 (0)228 94852-74<br \/>\nE-Mail:\u00a0info(at)p2chanter.com<br \/>\nURL: <a href=\"https:\/\/www.p2chanter.com\">https:\/\/www.p2chanter.com<\/a><\/p>\n<p>Umsatzsteuer-ID (gem\u00e4\u00df \u00a727 a Umsatzsteuergesetz):<br \/>\nDE199656246<\/p>\n<p>Online-Streitbeilegung gem\u00e4\u00df Art. 14 Abs. 1 ODR-Verordnung: <br \/>\nDie Europ\u00e4ische Kommission stellt eine Plattform zur Online-Streitbeilegung (OS) bereit. <br \/>\nDiese finden Sie unter <a href=\"http:\/\/ec.europa.eu\/consumers\/odr\/\">http:\/\/ec.europa.eu\/consumers\/odr\/<\/a>.<\/p>\n<p><a href=\"http:\/\/www.take-e-way.de\/leistungen\/elektrogesetz-weee-elektrog\/berichts-informationspflichten\/\">Informationspflichten gem\u00e4\u00df \u00a718 Abs. 2 Elektro- und Elektronikger\u00e4tegesetz<\/a>\n<\/div>\n<p><\/p>","protected":false},"excerpt":{"rendered":"<p>&nbsp; Angaben gem\u00e4\u00df \u00a7 5 Telemediengesetz: Erik Solda Paul-Langen-Str. 40 53229 Bonn Telefon: +49 (0)228 94852-75 Fax: +49 (0)228 94852-74 E-Mail:\u00a0info(at)p2chanter.com URL: https:\/\/www.p2chanter.com Umsatzsteuer-ID (gem\u00e4\u00df \u00a727 a Umsatzsteuergesetz): DE199656246 Online-Streitbeilegung gem\u00e4\u00df Art. 14 Abs. 1 ODR-Verordnung: Die Europ\u00e4ische Kommission stellt eine Plattform zur Online-Streitbeilegung (OS) bereit. Diese finden Sie unter http:\/\/ec.europa.eu\/consumers\/odr\/. Informationspflichten gem\u00e4\u00df \u00a718 Abs. [&hellip;]<\/p>\n","protected":false},"author":1,"featured_media":0,"parent":0,"menu_order":0,"comment_status":"closed","ping_status":"closed","template":"","meta":{"footnotes":""},"class_list":["post-4","page","type-page","status-publish","hentry"],"_links":{"self":[{"href":"https:\/\/www.p2chanter.com\/de\/wp-json\/wp\/v2\/pages\/4","targetHints":{"allow":["GET"]}}],"collection":[{"href":"https:\/\/www.p2chanter.com\/de\/wp-json\/wp\/v2\/pages"}],"about":[{"href":"https:\/\/www.p2chanter.com\/de\/wp-json\/wp\/v2\/types\/page"}],"author":[{"embeddable":true,"href":"https:\/\/www.p2chanter.com\/de\/wp-json\/wp\/v2\/users\/1"}],"replies":[{"embeddable":true,"href":"https:\/\/www.p2chanter.com\/de\/wp-json\/wp\/v2\/comments?post=4"}],"version-history":[{"count":52,"href":"https:\/\/www.p2chanter.com\/de\/wp-json\/wp\/v2\/pages\/4\/revisions"}],"predecessor-version":[{"id":1625,"href":"https:\/\/www.p2chanter.com\/de\/wp-json\/wp\/v2\/pages\/4\/revisions\/1625"}],"wp:attachment":[{"href":"https:\/\/www.p2chanter.com\/de\/wp-json\/wp\/v2\/media?parent=4"}],"curies":[{"name":"wp","href":"https:\/\/api.w.org\/{rel}","templated":true}]}}