{"id":6,"date":"2015-03-12T20:50:40","date_gmt":"2015-03-12T19:50:40","guid":{"rendered":"http:\/\/www.solda.de\/wordpress\/?page_id=6"},"modified":"2021-07-14T00:21:01","modified_gmt":"2021-07-13T22:21:01","slug":"datenschutz","status":"publish","type":"page","link":"https:\/\/www.p2chanter.com\/de\/datenschutz\/","title":{"rendered":"Datenschutz"},"content":{"rendered":"<p><\/p>\n<div id=\"Datenschutz\" class=\"Inhalt\">\n<h3>Datenschutzerkl\u00e4rung<\/h3>\n<p>Verantwortliche Stelle f\u00fcr die Datenerhebung ist Erik Solda, Paul-Langen-Str. 40, 53229 Bonn.<\/p>\n<p>Wir beachten die Regeln der Datenschutzgesetze und nehmen daher auch in Ihrem Interesse den Schutz Ihrer pers\u00f6nlichen Daten ernst. Alle Kundendaten werden unter Beachtung der einschl\u00e4gigen Vorschriften des Bundesdatenschutzgesetzes (BDSG) und des Telemediengesetzes (TMG) von uns gespeichert und verarbeitet.<\/p>\n<h3>Erhobene Daten<\/h3>\n<p>1. Unser Unternehmen erhebt und speichert automatisch auf unserem Server Informationen, die Ihr Browser an uns \u00fcbermittelt. Dies sind:<\/p>\n<ul>\n<li>Browsertyp\/-version,<\/li>\n<li>verwendetes Betriebssystem,<\/li>\n<li>Referrer URL (die zuvor besuchte Seite),<\/li>\n<li>Hostname des zugreifenden Rechners (IP-Adresse),<\/li>\n<li>Uhrzeit der Serveranfrage.<\/li>\n<\/ul>\n<p>Diese Daten sind f\u00fcr uns nicht bestimmten Personen zuzuordnen. Eine Zusammenf\u00fchrung dieser Daten mit anderen Datenquellen wird nicht vorgenommen. Im \u00dcbrigen werden diese Daten unmittelbar nach einer statistischen Auswertung gel\u00f6scht.<\/p>\n<p>2. Personenbezogene Daten werden im \u00dcbrigen nur erhoben, wenn Sie uns diese im Rahmen Ihrer Warenbestellung freiwillig mitteilen.<\/p>\n<h3>Verwendung der Daten<\/h3>\n<p>1. Wir verwenden die von Ihnen mitgeteilten Daten ohne Ihre gesonderte Einwilligung, mit Ausnahme der nachfolgend aufgef\u00fchrten Weitergabe ausschlie\u00dflich zur Erf\u00fcllung und Abwicklung Ihrer Bestellung. Mit vollst\u00e4ndiger Abwicklung des Vertrages und vollst\u00e4ndiger Kaufpreiszahlung werden Ihre Daten bei uns f\u00fcr die weitere Verwendung gesperrt und nach Ablauf der steuer- und handelsrechtlichen Vorschriften gel\u00f6scht, sofern Sie nicht ausdr\u00fccklich in die weitere Nutzung Ihrer Daten eingewilligt haben.<\/p>\n<p>2. Ihre personenbezogenen Daten geben wir ausschlie\u00dflich an unsere Dienstleistungspartner weiter, die zur Bestellabwicklung die \u00dcbermittlung von Daten ben\u00f6tigen. Hierbei erhalten unsere Partner (z.B. das mit der Lieferung beauftragte Versandunternehmen) die f\u00fcr die Erbringung ihrer Dienstleistung erforderlichen Daten wie Name und Adresse. In diesen F\u00e4llen beschr\u00e4nkt sich der Umfang der \u00fcbermittelten Daten auf das erforderliche Minimum.<\/p>\n<h3>Auskunft und Widerruf<\/h3>\n<p>1. Sie haben jederzeit das Recht auf kostenfreie Auskunft \u00fcber die bez\u00fcglich Ihrer Person gespeicherten Daten, deren Herkunft und Empf\u00e4nger, die Berechtigung, Sperrung oder L\u00f6schung von Daten sowie den Widerruf erteilter Einwilligungen und den Zweck der Datenverarbeitung. <\/p>\n<p>2. Der Verwendung der \u00fcber Ihre Person gespeicherten Daten k\u00f6nnen Sie jederzeit widersprechen. Gleichfalls k\u00f6nnen Sie eine bereits erteilte Einwilligung jederzeit widerrufen. Bitte wenden Sie sich an info(at)p2chanter.com oder senden Sie uns Ihr Verlangen per Post oder Fax. <\/p>\n<p>3. Ihre Einwilligung zur Speicherung der Daten k\u00f6nnen Sie jederzeit auch ohne Angabe von Gr\u00fcnden widerrufen.<\/p>\n<h3>Internetbezogene Datenerhebung<\/h3>\n<p>Unsere Internetseiten verwenden an mehreren Stellen sog. Cookies. Diese dienen dazu, unser Angebot nutzerfreundlicher, effektiver und sicherer zu machen. Cookies sind kleine Textdateien, die auf Ihrem Rechner abgelegt werden und die Ihr Browser speichert. Die von uns verwendeten Cookies sind sog. \u201eSession-Cookies\u201c. Sie werden nach Ende Ihres Besuchs automatisch gel\u00f6scht. Es werden ausschlie\u00dflich technisch notwendige Cookies eingesetzt, bspw. um die Spracheinstellungen f\u00fcr die aufgerufenen Seiten zu speichern. Sie k\u00f6nnen in Ihrem Browser Programm dar\u00fcber hinaus die Annahme von Cookies dieser Seite verwalten und gegebenenfalls sperren.<br \/> \n<\/div>\n<p>\n<\/p>","protected":false},"excerpt":{"rendered":"<p>Datenschutzerkl\u00e4rung Verantwortliche Stelle f\u00fcr die Datenerhebung ist Erik Solda, Paul-Langen-Str. 40, 53229 Bonn. Wir beachten die Regeln der Datenschutzgesetze und nehmen daher auch in Ihrem Interesse den Schutz Ihrer pers\u00f6nlichen Daten ernst. Alle Kundendaten werden unter Beachtung der einschl\u00e4gigen Vorschriften des Bundesdatenschutzgesetzes (BDSG) und des Telemediengesetzes (TMG) von uns gespeichert und verarbeitet. Erhobene Daten 1. [&hellip;]<\/p>\n","protected":false},"author":1,"featured_media":0,"parent":0,"menu_order":0,"comment_status":"closed","ping_status":"closed","template":"","meta":{"footnotes":""},"class_list":["post-6","page","type-page","status-publish","hentry"],"_links":{"self":[{"href":"https:\/\/www.p2chanter.com\/de\/wp-json\/wp\/v2\/pages\/6","targetHints":{"allow":["GET"]}}],"collection":[{"href":"https:\/\/www.p2chanter.com\/de\/wp-json\/wp\/v2\/pages"}],"about":[{"href":"https:\/\/www.p2chanter.com\/de\/wp-json\/wp\/v2\/types\/page"}],"author":[{"embeddable":true,"href":"https:\/\/www.p2chanter.com\/de\/wp-json\/wp\/v2\/users\/1"}],"replies":[{"embeddable":true,"href":"https:\/\/www.p2chanter.com\/de\/wp-json\/wp\/v2\/comments?post=6"}],"version-history":[{"count":90,"href":"https:\/\/www.p2chanter.com\/de\/wp-json\/wp\/v2\/pages\/6\/revisions"}],"predecessor-version":[{"id":1584,"href":"https:\/\/www.p2chanter.com\/de\/wp-json\/wp\/v2\/pages\/6\/revisions\/1584"}],"wp:attachment":[{"href":"https:\/\/www.p2chanter.com\/de\/wp-json\/wp\/v2\/media?parent=6"}],"curies":[{"name":"wp","href":"https:\/\/api.w.org\/{rel}","templated":true}]}}