{"id":8,"date":"2015-03-12T20:35:20","date_gmt":"2015-03-12T19:35:20","guid":{"rendered":"http:\/\/www.solda.de\/wordpress\/?page_id=8"},"modified":"2018-05-21T01:26:09","modified_gmt":"2018-05-20T23:26:09","slug":"einleitung","status":"publish","type":"page","link":"https:\/\/www.p2chanter.com\/de\/einleitung\/","title":{"rendered":"Das Instrument"},"content":{"rendered":"<p><br \/>\n<a href=\"https:\/\/www.p2chanter.com\/wp-content\/uploads\/2015\/05\/p2chanter_Lieferumfang.jpg\" data-rel=\"lightbox-image-0\" data-imagelightbox=\"0\" data-rl_title=\"\" data-rl_caption=\"\" title=\"\"><img loading=\"lazy\" decoding=\"async\" class=\" wp-image-353  alignright\" src=\"https:\/\/www.p2chanter.com\/wp-content\/uploads\/2015\/05\/p2chanter_Lieferumfang_300x200.jpg\" alt=\"p\u00b2chanter - Elektronischer Dudelsack\" width=\"300\" height=\"200\" \/><\/a>Der p\u00b2chanter ist ein elektronisches Musikinstrument zum Erlernen des Dudelsackspiels (elektronischer Dudelsack). Gr\u00f6\u00dfe und Lochabstand entsprechen dem (langen) Practice Chanter. Die Bezeichnung p<sup>2<\/sup> weist darauf hin, dass das Instrument sowohl als Practice Chanter als auch als Pipe Chanter (mit dem optional erh\u00e4ltlichen Drucksensor) verwendet werden kann.<\/p>\n<p>Das moderne, komfortabel ausgestattete Ger\u00e4t verf\u00fcgt \u00fcber eingebaute Lautsprecher die die Ausgabe unterschiedlicher Sounds, wie z.B. Great Highland Bagpipe (Schottischer Dudelsack), Smallpipe oder Whistle erm\u00f6glichen. Die zur Auswahl stehenden Kl\u00e4nge wurden von Realinstrumenten aufgenommen und digitalisiert.<\/p>\n<p>Einen weiteren Vorzug bietet der integrierte Kopfh\u00f6reranschluss. Unbegrenztes Spielen an jedem Ort und in unterschiedlichen Situationen (z.B. w\u00e4hrend einer Busfahrt) ist damit ohne Beeintr\u00e4chtigung f\u00fcr Andere problemlos m\u00f6glich.<\/p>\n<p>Mit dem optional erh\u00e4ltlichen Drucksensor kann der p\u00b2chanter zum Pipe Chanter erweitert werden. Ein bereits vorhandener Dudelsack wird so zu einem elektronischen Instrument erweitert. Der Drucksensor misst den tats\u00e4chlichen Druck im Luftsack und steuert dar\u00fcber die Tonerzeugung. Die Vorteile sind die gleichzeitige Verbesserung der Fingertechnik und der Spieltechnik. Der beim Drucksensor mitgelieferte Ventilring sorgt f\u00fcr einen regulierbaren Luftverbrauch und damit f\u00fcr ein realistisches Spielerlebnis.<\/p>\n<table style=\"border: none;\">\n<tbody>\n<tr>\n<td style=\"border: none;\"><a href=\"https:\/\/www.p2chanter.com\/wp-content\/uploads\/2015\/05\/p2chanter_Kontakte.jpg\" data-rel=\"lightbox-image-1\" data-imagelightbox=\"1\" data-rl_title=\"\" data-rl_caption=\"\" title=\"\"><img loading=\"lazy\" decoding=\"async\" class=\"  wp-image-349 aligncenter\" src=\"https:\/\/www.p2chanter.com\/wp-content\/uploads\/2015\/05\/p2chanter_Kontakte_300x200.jpg\" alt=\"p\u00b2chanter - Kontakte\" width=\"300\" height=\"200\" \/><\/a><\/td>\n<td style=\"border: none;\"><a href=\"https:\/\/www.p2chanter.com\/wp-content\/uploads\/2015\/05\/Bedienfeld.jpg\" data-rel=\"lightbox-image-2\" data-imagelightbox=\"2\" data-rl_title=\"\" data-rl_caption=\"\" title=\"\"><img loading=\"lazy\" decoding=\"async\" class=\"  wp-image-348 aligncenter\" src=\"https:\/\/www.p2chanter.com\/wp-content\/uploads\/2015\/05\/Bedienfeld_300x200.jpg\" alt=\"p\u00b2chanter - Bedienelemente\" width=\"300\" height=\"200\" \/><\/a><\/td>\n<\/tr>\n<\/tbody>\n<\/table>\n<p><\/p>","protected":false},"excerpt":{"rendered":"<p>Der p\u00b2chanter ist ein elektronisches Musikinstrument zum Erlernen des Dudelsackspiels (elektronischer Dudelsack). Gr\u00f6\u00dfe und Lochabstand entsprechen dem (langen) Practice Chanter. Die Bezeichnung p2 weist darauf hin, dass das Instrument sowohl als Practice Chanter als auch als Pipe Chanter (mit dem optional erh\u00e4ltlichen Drucksensor) verwendet werden kann. Das moderne, komfortabel ausgestattete Ger\u00e4t verf\u00fcgt \u00fcber eingebaute Lautsprecher [&hellip;]<\/p>\n","protected":false},"author":1,"featured_media":0,"parent":0,"menu_order":0,"comment_status":"closed","ping_status":"closed","template":"","meta":{"footnotes":""},"class_list":["post-8","page","type-page","status-publish","hentry"],"_links":{"self":[{"href":"https:\/\/www.p2chanter.com\/de\/wp-json\/wp\/v2\/pages\/8","targetHints":{"allow":["GET"]}}],"collection":[{"href":"https:\/\/www.p2chanter.com\/de\/wp-json\/wp\/v2\/pages"}],"about":[{"href":"https:\/\/www.p2chanter.com\/de\/wp-json\/wp\/v2\/types\/page"}],"author":[{"embeddable":true,"href":"https:\/\/www.p2chanter.com\/de\/wp-json\/wp\/v2\/users\/1"}],"replies":[{"embeddable":true,"href":"https:\/\/www.p2chanter.com\/de\/wp-json\/wp\/v2\/comments?post=8"}],"version-history":[{"count":79,"href":"https:\/\/www.p2chanter.com\/de\/wp-json\/wp\/v2\/pages\/8\/revisions"}],"predecessor-version":[{"id":376,"href":"https:\/\/www.p2chanter.com\/de\/wp-json\/wp\/v2\/pages\/8\/revisions\/376"}],"wp:attachment":[{"href":"https:\/\/www.p2chanter.com\/de\/wp-json\/wp\/v2\/media?parent=8"}],"curies":[{"name":"wp","href":"https:\/\/api.w.org\/{rel}","templated":true}]}}